{"id":9,"date":"2023-01-17T11:06:30","date_gmt":"2023-01-17T10:06:30","guid":{"rendered":"http:\/\/forains.mairie-amberieuenbugey.fr\/?page_id=9"},"modified":"2023-06-07T11:26:58","modified_gmt":"2023-06-07T09:26:58","slug":"0inscription_forain","status":"publish","type":"page","link":"https:\/\/forains.mairie-amberieuenbugey.fr\/","title":{"rendered":"0Inscription_Forain"},"content":{"rendered":"<p class=\"trow1\"><input type='image'  src='https:\/\/forains.mairie-amberieuenbugey.fr\/wp-content\/uploads\/2023\/01\/fc_sortir32.png' style='vertical-align: middle;' name='archive' onclick=\"window.location.href = 'https:\/\/forains.mairie-amberieuenbugey.fr\/';\"\/><\/p><p><\/p>\n\n\n\n<h4 class=\"wp-block-heading has-text-align-center\">Inscription aux march\u00e9s forains d&rsquo;Amb\u00e9rieu-en-Bugey<\/h4>\n\n\n\n<div class=\"wpcf7 no-js\" id=\"wpcf7-f8-o1\" lang=\"fr-FR\" dir=\"ltr\" data-wpcf7-id=\"8\">\n<div class=\"screen-reader-response\"><p role=\"status\" aria-live=\"polite\" aria-atomic=\"true\"><\/p> <ul><\/ul><\/div>\n<form action=\"\/index.php\/wp-json\/wp\/v2\/pages\/9#wpcf7-f8-o1\" method=\"post\" class=\"wpcf7-form init\" aria-label=\"Formulaire de contact\" enctype=\"multipart\/form-data\" novalidate=\"novalidate\" data-status=\"init\">\n<fieldset class=\"hidden-fields-container\"><input type=\"hidden\" name=\"_wpcf7\" value=\"8\" \/><input type=\"hidden\" name=\"_wpcf7_version\" value=\"6.1.1\" \/><input type=\"hidden\" name=\"_wpcf7_locale\" value=\"fr_FR\" \/><input type=\"hidden\" name=\"_wpcf7_unit_tag\" value=\"wpcf7-f8-o1\" \/><input type=\"hidden\" name=\"_wpcf7_container_post\" value=\"0\" \/><input type=\"hidden\" name=\"_wpcf7_posted_data_hash\" value=\"\" \/><input type=\"hidden\" name=\"_wpcf7dtx_version\" value=\"5.0.3\" \/><input type=\"hidden\" name=\"_wpcf7cf_hidden_group_fields\" value=\"[]\" \/><input type=\"hidden\" name=\"_wpcf7cf_hidden_groups\" value=\"[]\" \/><input type=\"hidden\" name=\"_wpcf7cf_visible_groups\" value=\"[]\" \/><input type=\"hidden\" name=\"_wpcf7cf_repeaters\" value=\"[]\" \/><input type=\"hidden\" name=\"_wpcf7cf_steps\" value=\"{}\" \/><input type=\"hidden\" name=\"_wpcf7cf_options\" value=\"{&quot;form_id&quot;:8,&quot;conditions&quot;:[{&quot;then_field&quot;:&quot;G-ElecOui&quot;,&quot;and_rules&quot;:[{&quot;if_field&quot;:&quot;Electricite&quot;,&quot;operator&quot;:&quot;equals&quot;,&quot;if_value&quot;:&quot;Oui&quot;}]},{&quot;then_field&quot;:&quot;G-AdFOui1&quot;,&quot;and_rules&quot;:[{&quot;if_field&quot;:&quot;AdFIdem&quot;,&quot;operator&quot;:&quot;equals&quot;,&quot;if_value&quot;:&quot;Oui&quot;}]}],&quot;settings&quot;:{&quot;animation&quot;:&quot;yes&quot;,&quot;animation_intime&quot;:200,&quot;animation_outtime&quot;:200,&quot;conditions_ui&quot;:&quot;normal&quot;,&quot;notice_dismissed&quot;:false,&quot;notice_dismissed_update-cf7-5.7.7&quot;:true}}\" \/>\n<\/fieldset>\n<table>\n\t<tr class=\"thead1\">\n\t\t<td colspan='10'>\n\t\t\t<p class=\"thead1\">1 - DEMANDEUR\n\t\t\t<\/p>\n\t\t<\/td>\n\t<\/tr>\n\t<tr>\n\t\t<td colspan='5'>\n\t\t\t<p class=\"trow1\">Nom* <span class=\"wpcf7-form-control-wrap\" data-name=\"Nom\"><input size=\"40\" maxlength=\"400\" class=\"wpcf7-form-control wpcf7-text wpcf7-validates-as-required\" aria-required=\"true\" aria-invalid=\"false\" value=\"\" type=\"text\" name=\"Nom\" \/><\/span>\n\t\t\t<\/p>\n\t\t<\/td>\n\t\t<td colspan='5'>\n\t\t\t<p class=\"trow1\">Pr\u00e9nom* <span class=\"wpcf7-form-control-wrap\" data-name=\"Prenom\"><input size=\"40\" maxlength=\"400\" class=\"wpcf7-form-control wpcf7-text wpcf7-validates-as-required\" aria-required=\"true\" aria-invalid=\"false\" value=\"\" type=\"text\" name=\"Prenom\" \/><\/span>\n\t\t\t<\/p>\n\t\t<\/td>\n\t<\/tr>\n\t<tr>\n\t\t<td colspan='10'>\n\t\t\t<p class=\"trow1\">Adresse <span class=\"wpcf7-form-control-wrap\" data-name=\"Adresse\"><input size=\"40\" maxlength=\"400\" class=\"wpcf7-form-control wpcf7-text\" aria-invalid=\"false\" value=\"\" type=\"text\" name=\"Adresse\" \/><\/span>\n\t\t\t<\/p>\n\t\t<\/td>\n\t<\/tr>\n\t<tr>\n\t\t<td colspan='2'>\n\t\t\t<p class=\"trow1\">CP <span class=\"wpcf7-form-control-wrap CP\"><input type=\"text\" value=\"\" name=\"CP\" class=\"wpcf7-form-control wpcf7-mask wpcf7mf-mask\" size=\"40\" aria-required=\"\" aria-invalid=\"\" placeholder=\"_____\" data-mask=\"_____\" \/><\/span>\n\t\t\t<\/p>\n\t\t<\/td>\n\t\t<td colspan='8'>\n\t\t\t<p class=\"trow1\">Ville <span class=\"wpcf7-form-control-wrap\" data-name=\"Ville\"><input size=\"40\" maxlength=\"400\" class=\"wpcf7-form-control wpcf7-text\" aria-invalid=\"false\" value=\"\" type=\"text\" name=\"Ville\" \/><\/span>\n\t\t\t<\/p>\n\t\t<\/td>\n\t<\/tr>\n\t<tr>\n\t\t<td colspan='3'>\n\t\t\t<p class=\"trow1\">T\u00e9l. <span class=\"wpcf7-form-control-wrap Tel\"><input type=\"text\" value=\"\" name=\"Tel\" class=\"wpcf7-form-control wpcf7-mask wpcf7mf-mask\" size=\"40\" aria-required=\"\" aria-invalid=\"\" placeholder=\"__ __ __ __ __\" data-mask=\"__ __ __ __ __\" \/><\/span>\n\t\t\t<\/p>\n\t\t<\/td>\n\t\t<td colspan='7'>\n\t\t\t<p class=\"trow1\">Courriel : <span class=\"wpcf7-form-control-wrap\" data-name=\"Mail\"><input size=\"40\" maxlength=\"400\" class=\"wpcf7-form-control wpcf7-email wpcf7-text wpcf7-validates-as-email\" aria-invalid=\"false\" value=\"\" type=\"email\" name=\"Mail\" \/><\/span>\n\t\t\t<\/p>\n\t\t<\/td>\n\t<\/tr>\n\t<tr>\n\t\t<td colspan='5'>\n\t\t\t<p class=\"trow1\">Statut \/ Raison sociale <span class=\"wpcf7-form-control-wrap\" data-name=\"Statut\"><input size=\"40\" maxlength=\"400\" class=\"wpcf7-form-control wpcf7-text\" aria-invalid=\"false\" value=\"\" type=\"text\" name=\"Statut\" \/><\/span>\n\t\t\t<\/p>\n\t\t<\/td>\n\t\t<td colspan='5'>\n\t\t\t<p class=\"trow1\">Nom Commercial <span class=\"wpcf7-form-control-wrap\" data-name=\"Nomcom\"><input size=\"40\" maxlength=\"400\" class=\"wpcf7-form-control wpcf7-text\" aria-invalid=\"false\" value=\"\" type=\"text\" name=\"Nomcom\" \/><\/span>\n\t\t\t<\/p>\n\t\t<\/td>\n\t<\/tr>\n\t<tr>\n\t\t<td colspan='10'>\n\t\t\t<p class=\"trow1\">Adresse de facturation diff\u00e9rente ?         <span class=\"wpcf7-form-control-wrap AdFIdem\">\n            <select aria-required=\"true\" name=\"AdFIdem\" class=\"wpcf7-form-control wpcf7-select wpcf7-validates-as-required\">\n                                <option value=\"Non\">Non<\/option>\n                                <option value=\"Oui\">Oui<\/option>\n                            <\/select>\n                    <\/span>\n        \n\t\t\t<\/p>\n\t\t\t<div data-id=\"G-AdFOui1\" data-orig_data_id=\"G-AdFOui1\"  class=\"\" data-class=\"wpcf7cf_group\">\n\t\t\t\t<p class=\"trow1\">Adresse<span class=\"wpcf7-form-control-wrap\" data-name=\"AdresseF\"><input size=\"40\" maxlength=\"400\" class=\"wpcf7-form-control wpcf7-text\" aria-invalid=\"false\" value=\"\" type=\"text\" name=\"AdresseF\" \/><\/span>CP <span class=\"wpcf7-form-control-wrap CPF\"><input type=\"text\" value=\"\" name=\"CPF\" class=\"wpcf7-form-control wpcf7-mask wpcf7mf-mask\" size=\"40\" aria-required=\"\" aria-invalid=\"\" placeholder=\"_____\" data-mask=\"_____\" \/><\/span>Ville <span class=\"wpcf7-form-control-wrap\" data-name=\"VilleF\"><input size=\"40\" maxlength=\"400\" class=\"wpcf7-form-control wpcf7-text\" aria-invalid=\"false\" value=\"\" type=\"text\" name=\"VilleF\" \/><\/span>\n\t\t\t\t<\/p>\n\t\t\t<\/div>\n\t\t<\/td>\n\t<\/tr>\n\t<tr>\n\t\t<td colspan='3'>\n\t\t<\/td>\n\t\t<td colspan='4'>\n\t\t\t<p class=\"trow1\">SIRET* <span class=\"wpcf7-form-control-wrap Siret\"><input type=\"text\" value=\"\" name=\"Siret\" class=\"wpcf7-form-control wpcf7-mask wpcf7-validates-as-required wpcf7mf-mask\" size=\"40\" aria-required=\"1\" aria-invalid=\"\" placeholder=\"___ ___ ___ _____\" data-mask=\"___ ___ ___ _____\" \/><\/span>\n\t\t\t<\/p>\n\t\t<\/td>\n\t\t<td colspan='3'>\n\t\t<\/td>\n\t<\/tr>\n\t<tr class=\"thead1\">\n\t\t<td colspan='10'>\n\t\t\t<p class=\"thead1\">2 - ACTIVITE\n\t\t\t<\/p>\n\t\t<\/td>\n\t<\/tr>\n\t<tr class=\"thead2\">\n\t\t<td colspan='10'>\n\t\t\t<p class=\"thead2\"> Secteur Alimentaire **\n\t\t\t<\/p>\n\t\t<\/td>\n\t<\/tr>\n\t<tr>\n\t\t<td colspan='2'>\n\t\t\t<p style=\"color:white;\">---\n\t\t\t<\/p>\n\t\t\t<p class=\"trow1\">Vente de produits\n\t\t\t<\/p>\n\t\t\t<p class=\"trow1\">alimentaires\n\t\t\t<\/p>\n\t\t<\/td>\n\t\t<td colspan='8'>\n\t\t\t<p class=\"trow1\">Pr\u00e9cisez\n\t\t\t<\/p>\n\t\t\t<p><span class=\"wpcf7-form-control-wrap\" data-name=\"ListePA\"><input size=\"40\" maxlength=\"400\" class=\"wpcf7-form-control wpcf7-text\" aria-invalid=\"false\" value=\"\" type=\"text\" name=\"ListePA\" \/><\/span>\n\t\t\t<\/p>\n\t\t<\/td>\n\t<\/tr>\n\t<tr>\n\t\t<td colspan='2'>\n\t\t\t<p style=\"color:white;\">---\n\t\t\t<\/p>\n\t\t\t<p class=\"trow1\">Producteur\n\t\t\t<\/p>\n\t\t<\/td>\n\t\t<td colspan='8'>\n\t\t\t<p class=\"trow1\">Pr\u00e9cisez\n\t\t\t<\/p>\n\t\t\t<p><span class=\"wpcf7-form-control-wrap\" data-name=\"ListePR\"><input size=\"40\" maxlength=\"400\" class=\"wpcf7-form-control wpcf7-text\" aria-invalid=\"false\" value=\"\" type=\"text\" name=\"ListePR\" \/><\/span>\n\t\t\t<\/p>\n\t\t<\/td>\n\t<\/tr>\n\t<tr>\n\t\t<td colspan='2'>\n\t\t\t<p style=\"color:white;\">---\n\t\t\t<\/p>\n\t\t\t<p class=\"trow1\">M\u00e9tier de bouche\n\t\t\t<\/p>\n\t\t\t<p class=\"trow1\">Poissonnier\n\t\t\t<\/p>\n\t\t<\/td>\n\t\t<td colspan='8'>\n\t\t\t<p class=\"trow1\">Pr\u00e9cisez\n\t\t\t<\/p>\n\t\t\t<p><span class=\"wpcf7-form-control-wrap\" data-name=\"ListeBP\"><input size=\"40\" maxlength=\"400\" class=\"wpcf7-form-control wpcf7-text\" aria-invalid=\"false\" value=\"\" type=\"text\" name=\"ListeBP\" \/><\/span>\n\t\t\t<\/p>\n\t\t<\/td>\n\t<\/tr>\n\t<tr class=\"thead2\">\n\t\t<td colspan='10'>\n\t\t\t<p class=\"thead2\"> Secteur Manufactur\u00e9 **\n\t\t\t<\/p>\n\t\t<\/td>\n\t<\/tr>\n\t<tr>\n\t\t<td colspan='2'>\n\t\t\t<p class=\"trow1\">Pr\u00e9cisez\n\t\t\t<\/p>\n\t\t<\/td>\n\t\t<td colspan='8'>\n\t\t\t<p><span class=\"wpcf7-form-control-wrap\" data-name=\"ListeMAN\"><input size=\"40\" maxlength=\"400\" class=\"wpcf7-form-control wpcf7-text\" aria-invalid=\"false\" value=\"\" type=\"text\" name=\"ListeMAN\" \/><\/span>\n\t\t\t<\/p>\n\t\t<\/td>\n\t<\/tr>\n\t<tr class=\"thead1\">\n\t\t<td colspan='10'>\n\t\t\t<p class=\"thead1\">3 - EMPLACEMENT SOUHAITE\n\t\t\t<\/p>\n\t\t<\/td>\n\t<\/tr>\n\t<tr>\n\t\t<td colspan='2'>\n\t\t\t<p class=\"trow1\">M\u00e9trage souhait\u00e9* :\n\t\t\t<\/p>\n\t\t<\/td>\n\t\t<td colspan='1'>\n\t\t\t<p><span class=\"wpcf7-form-control-wrap\" data-name=\"Metrage\"><input size=\"40\" maxlength=\"400\" class=\"wpcf7-form-control wpcf7-text wpcf7-validates-as-required\" aria-required=\"true\" aria-invalid=\"false\" value=\"\" type=\"text\" name=\"Metrage\" \/><\/span>\n\t\t\t<\/p>\n\t\t<\/td>\n\t\t<td colspan='1'>\n\t\t\t<p class=\"trow11\">ml\n\t\t\t<\/p>\n\t\t<\/td>\n\t\t<td colspan='3'>\n\t\t\t<p class=\"trow1\">Souhaite \u00eatre pr\u00e9sent(e) \u00e0 partir de\n\t\t\t<\/p>\n\t\t<\/td>\n\t\t<td colspan='3'>\n\t\t\t<p><span class=\"wpcf7-form-control-wrap\" data-name=\"DateP\"><input class=\"wpcf7-form-control wpcf7-date wpcf7-validates-as-date\" aria-invalid=\"false\" value=\"\" type=\"date\" name=\"DateP\" \/><\/span>\n\t\t\t<\/p>\n\t\t<\/td>\n\t<\/tr>\n\t<tr>\n\t\t<td colspan='6'>\n\t\t\t<p class=\"trow1\">Selon le type de production p\u00e9riode de pr\u00e9sence souhait\u00e9e\n\t\t\t<\/p>\n\t\t\t<p class=\"trow1\">(Exemple de mi-avril \u00e0 fin septembre)\n\t\t\t<\/p>\n\t\t<\/td>\n\t\t<td colspan='4'>\n\t\t\t<p><span class=\"wpcf7-form-control-wrap\" data-name=\"Periode\"><input size=\"40\" maxlength=\"400\" class=\"wpcf7-form-control wpcf7-text\" aria-invalid=\"false\" value=\"\" type=\"text\" name=\"Periode\" \/><\/span>\n\t\t\t<\/p>\n\t\t<\/td>\n\t<\/tr>\n\t<tr class=\"thead2\">\n\t\t<td colspan='10'>\n\t\t\t<p class=\"thead2\"> V\u00e9hicules\n\t\t\t<\/p>\n\t\t<\/td>\n\t<\/tr>\n\t<tr>\n\t\t<td colspan='7'>\n\t\t\t<p class=\"trow1\"> Si vous utilisez sur place un v\u00e9hicule motoris\u00e9 pour la vente de vos produits, merci de pr\u00e9ciser son tonnage\n\t\t\t<\/p>\n\t\t<\/td>\n\t\t<td colspan='3'>\n\t\t\t<p>        <span class=\"wpcf7-form-control-wrap Tonnage\">\n            <select name=\"Tonnage\" class=\"wpcf7-form-control wpcf7-select\">\n                                <option value=\"0\">- - -<\/option>\n                                <option value=\"Aucun\">Aucun<\/option>\n                                <option value=\"V\u00e9hicule\">V\u00e9hicule<\/option>\n                                <option value=\"3,5 Tonnes\">3,5 Tonnes<\/option>\n                                <option value=\"7,5 Tonnes\">7,5 Tonnes<\/option>\n                                <option value=\"Gros Gabarit\">Gros Gabarit<\/option>\n                            <\/select>\n                    <\/span>\n        \n\t\t\t<\/p>\n\t\t<\/td>\n\t<\/tr>\n\t<tr class=\"thead2\">\n\t\t<td colspan='10'>\n\t\t\t<p class=\"thead2\"> Besoins en \u00e9lectricit\u00e9\n\t\t\t<\/p>\n\t\t<\/td>\n\t<\/tr>\n\t<tr>\n\t\t<td colspan='10'>\n\t\t\t<p class=\"trow1\"> Avez-vous besoin d'\u00e9lectricit\u00e9 ?\n\t\t\t<\/p>\n\t\t<\/td>\n\t<\/tr>\n\t<tr>\n\t\t<td colspan='10'>\n\t\t\t<p class=\"trow1\">        <span class=\"wpcf7-form-control-wrap Electricite\">\n            <select name=\"Electricite\" class=\"wpcf7-form-control wpcf7-select\">\n                                <option value=\"0\">- - -<\/option>\n                                <option value=\"Oui\">Oui<\/option>\n                                <option value=\"Non\">Non<\/option>\n                            <\/select>\n                    <\/span>\n        \n\t\t\t<\/p>\n\t\t\t<div data-id=\"G-ElecOui\" data-orig_data_id=\"G-ElecOui\"  class=\"\" data-class=\"wpcf7cf_group\">\n\t\t\t\t<p class=\"trow1\"> Bain marie&nbsp&nbsp&nbsp&nbsp&nbsp&nbsp:         <span class=\"wpcf7-form-control-wrap BainM\">\n            <select name=\"BainM\" class=\"wpcf7-form-control wpcf7-select\">\n                                <option value=\"Non\">Non<\/option>\n                                <option value=\"Oui\">Oui<\/option>\n                            <\/select>\n                    <\/span>\n         &nbsp&nbsp&nbsp&nbsp&nbsp&nbsp&nbsp&nbsp&nbsp&nbsp Lumi\u00e8re &nbsp&nbsp&nbsp&nbsp&nbsp&nbsp&nbsp&nbsp&nbsp&nbsp&nbsp&nbsp&nbsp&nbsp&nbsp&nbsp&nbsp&nbsp:         <span class=\"wpcf7-form-control-wrap Lumiere\">\n            <select name=\"Lumiere\" class=\"wpcf7-form-control wpcf7-select\">\n                                <option value=\"Non\">Non<\/option>\n                                <option value=\"Oui\">Oui<\/option>\n                            <\/select>\n                    <\/span>\n        <br \/>\nBalance&nbsp&nbsp&nbsp&nbsp&nbsp&nbsp&nbsp&nbsp&nbsp&nbsp:         <span class=\"wpcf7-form-control-wrap Balance\">\n            <select name=\"Balance\" class=\"wpcf7-form-control wpcf7-select\">\n                                <option value=\"Non\">Non<\/option>\n                                <option value=\"Oui\">Oui<\/option>\n                            <\/select>\n                    <\/span>\n        &nbsp&nbsp&nbsp&nbsp&nbsp&nbsp&nbsp&nbsp&nbsp&nbsp Plaque &nbsp&nbsp&nbsp&nbsp&nbsp&nbsp&nbsp&nbsp&nbsp&nbsp&nbsp&nbsp&nbsp&nbsp&nbsp&nbsp&nbsp&nbsp&nbsp&nbsp:         <span class=\"wpcf7-form-control-wrap Plaque\">\n            <select name=\"Plaque\" class=\"wpcf7-form-control wpcf7-select\">\n                                <option value=\"Non\">Non<\/option>\n                                <option value=\"Oui\">Oui<\/option>\n                            <\/select>\n                    <\/span>\n        <br \/>\nCafeti\u00e8re&nbsp&nbsp&nbsp&nbsp&nbsp&nbsp&nbsp&nbsp:         <span class=\"wpcf7-form-control-wrap Cafetiere\">\n            <select name=\"Cafetiere\" class=\"wpcf7-form-control wpcf7-select\">\n                                <option value=\"Non\">Non<\/option>\n                                <option value=\"Oui\">Oui<\/option>\n                            <\/select>\n                    <\/span>\n        &nbsp&nbsp&nbsp&nbsp&nbsp&nbsp&nbsp&nbsp&nbsp&nbsp Remorque Froide&nbsp&nbsp&nbsp :         <span class=\"wpcf7-form-control-wrap RemorqueF\">\n            <select name=\"RemorqueF\" class=\"wpcf7-form-control wpcf7-select\">\n                                <option value=\"Non\">Non<\/option>\n                                <option value=\"Oui\">Oui<\/option>\n                            <\/select>\n                    <\/span>\n        <br \/>\nFour&nbsp&nbsp&nbsp&nbsp&nbsp&nbsp&nbsp&nbsp&nbsp&nbsp&nbsp&nbsp&nbsp&nbsp&nbsp:         <span class=\"wpcf7-form-control-wrap Four\">\n            <select name=\"Four\" class=\"wpcf7-form-control wpcf7-select\">\n                                <option value=\"Non\">Non<\/option>\n                                <option value=\"Oui\">Oui<\/option>\n                            <\/select>\n                    <\/span>\n         &nbsp&nbsp&nbsp&nbsp&nbsp&nbsp&nbsp&nbsp&nbsp&nbsp Remorque Normale :         <span class=\"wpcf7-form-control-wrap RemorqueN\">\n            <select name=\"RemorqueN\" class=\"wpcf7-form-control wpcf7-select\">\n                                <option value=\"Non\">Non<\/option>\n                                <option value=\"Oui\">Oui<\/option>\n                            <\/select>\n                    <\/span>\n        <br \/>\nGroupe Froid :         <span class=\"wpcf7-form-control-wrap GFroid\">\n            <select name=\"GFroid\" class=\"wpcf7-form-control wpcf7-select\">\n                                <option value=\"Non\">Non<\/option>\n                                <option value=\"Oui\">Oui<\/option>\n                            <\/select>\n                    <\/span>\n        &nbsp&nbsp&nbsp&nbsp&nbsp&nbsp&nbsp&nbsp&nbsp&nbsp Vitrine &nbsp&nbsp&nbsp&nbsp&nbsp&nbsp&nbsp&nbsp&nbsp&nbsp&nbsp&nbsp&nbsp&nbsp&nbsp&nbsp&nbsp&nbsp&nbsp&nbsp&nbsp&nbsp:         <span class=\"wpcf7-form-control-wrap Vitrine\">\n            <select name=\"Vitrine\" class=\"wpcf7-form-control wpcf7-select\">\n                                <option value=\"Non\">Non<\/option>\n                                <option value=\"Oui\">Oui<\/option>\n                            <\/select>\n                    <\/span>\n        \n\t\t\t\t<\/p>\n\t\t\t<\/div>\n\t\t<\/td>\n\t<\/tr>\n\t<tr class=\"thead1\">\n\t\t<td colspan='10'>\n\t\t\t<p class=\"thead1\">4 - MARCHE(S) SOUHAITE(S)\n\t\t\t<\/p>\n\t\t<\/td>\n\t<\/tr>\n\t<tr>\n\t\t<td colspan='2'>\n\t\t\t<p>        <span class=\"wpcf7-form-control-wrap MarcheMer\">\n            <select aria-required=\"true\" name=\"MarcheMer\" class=\"wpcf7-form-control wpcf7-select wpcf7-validates-as-required\">\n                                <option value=\"0\">- - -<\/option>\n                                <option value=\"Oui\">Oui<\/option>\n                                <option value=\"Non\">Non<\/option>\n                            <\/select>\n                    <\/span>\n        \n\t\t\t<\/p>\n\t\t<\/td>\n\t\t<td colspan='8'>\n\t\t\t<p class=\"trow1\">Mercredi Matin*\n\t\t\t<\/p>\n\t\t<\/td>\n\t<\/tr>\n\t<tr>\n\t\t<td colspan='2'>\n\t\t\t<p>        <span class=\"wpcf7-form-control-wrap MarcheSam\">\n            <select aria-required=\"true\" name=\"MarcheSam\" class=\"wpcf7-form-control wpcf7-select wpcf7-validates-as-required\">\n                                <option value=\"0\">- - -<\/option>\n                                <option value=\"Oui\">Oui<\/option>\n                                <option value=\"Non\">Non<\/option>\n                            <\/select>\n                    <\/span>\n        \n\t\t\t<\/p>\n\t\t<\/td>\n\t\t<td colspan='8'>\n\t\t\t<p class=\"trow1\">Samedi Matin*\n\t\t\t<\/p>\n\t\t<\/td>\n\t<\/tr>\n\t<tr class=\"thead1\">\n\t\t<td colspan='10'>\n\t\t\t<p class=\"thead1\">5 - PIECES A FOURNIR A LA DEMANDE\n\t\t\t<\/p>\n\t\t<\/td>\n\t<\/tr>\n\t<tr>\n\t\t<td colspan='6'>\n\t\t\t<p class=\"trow1\">Copie de la carte de commer\u00e7ant non s\u00e9dentaire*\n\t\t\t<\/p>\n\t\t<\/td>\n\t\t<td colspan='4'>\n\t\t\t<p class=\"trow1\"><span class=\"wpcf7-form-control-wrap\" data-name=\"Carte\"><input size=\"40\" class=\"wpcf7-form-control wpcf7-file\" accept=\".gif,.png,.jpg,.jpeg,.pdf\" aria-invalid=\"false\" type=\"file\" name=\"Carte\" \/><\/span>\n\t\t\t<\/p>\n\t\t<\/td>\n\t<\/tr>\n\t<tr>\n\t\t<td colspan='6'>\n\t\t\t<p class=\"trow1\">RNE de moins de de 3 mois*\n\t\t\t<\/p>\n\t\t<\/td>\n\t\t<td colspan='4'>\n\t\t\t<p class=\"trow1\"><span class=\"wpcf7-form-control-wrap\" data-name=\"Kbis\"><input size=\"40\" class=\"wpcf7-form-control wpcf7-file\" accept=\".gif,.png,.jpg,.jpeg,.pdf\" aria-invalid=\"false\" type=\"file\" name=\"Kbis\" \/><\/span>\n\t\t\t<\/p>\n\t\t<\/td>\n\t<\/tr>\n\t<tr>\n\t\t<td colspan='6'>\n\t\t\t<p class=\"trow1\">Assurance R.C.*\n\t\t\t<\/p>\n\t\t<\/td>\n\t\t<td colspan='4'>\n\t\t\t<p class=\"trow1\"><span class=\"wpcf7-form-control-wrap\" data-name=\"Assurance\"><input size=\"40\" class=\"wpcf7-form-control wpcf7-file\" accept=\".gif,.png,.jpg,.jpeg,.pdf\" aria-invalid=\"false\" type=\"file\" name=\"Assurance\" \/><\/span>\n\t\t\t<\/p>\n\t\t<\/td>\n\t<\/tr>\n\t<tr>\n\t\t<td colspan='6'>\n\t\t\t<p class=\"trow1\">Liste d\u00e9taill\u00e9e des produits souhaitant \u00eatre vendus\n\t\t\t<\/p>\n\t\t<\/td>\n\t\t<td colspan='4'>\n\t\t\t<p class=\"trow1\"><span class=\"wpcf7-form-control-wrap\" data-name=\"ListeProduits\"><input size=\"40\" class=\"wpcf7-form-control wpcf7-file\" accept=\".gif,.png,.jpg,.jpeg,.pdf\" aria-invalid=\"false\" type=\"file\" name=\"ListeProduits\" \/><\/span>\n\t\t\t<\/p>\n\t\t<\/td>\n\t<\/tr>\n\t<tr>\n\t\t<td colspan='10'>\n\t\t\t<p style=\"color:white;\">Case vide\n\t\t\t<\/p>\n\t\t<\/td>\n\t<\/tr>\n\t<tr>\n\t\t<td colspan='2'>\n\t\t\t<p><span class=\"wpcf7-form-control-wrap\" data-name=\"Attestation\"><select class=\"wpcf7-form-control wpcf7-select wpcf7-validates-as-required\" aria-required=\"true\" aria-invalid=\"false\" name=\"Attestation\"><option value=\"\">&#8212;Veuillez choisir une option&#8212;<\/option><option value=\"Oui\">Oui<\/option><option value=\"Non\">Non<\/option><\/select><\/span>\n\t\t\t<\/p>\n\t\t<\/td>\n\t\t<td colspan='8'>\n\t\t\t<p class=\"trow1\">*Le demandeur atteste qu'il s'engage \u00e0 respecter le r\u00e8glement des march\u00e9s visible sur le site internet de la Ville : <a href=\"https:\/\/www.ville-amberieuenbugey.fr\/-Marches-forains-29-.html\" target=\"_blank\">www.ville-amberieuenbugey.fr<\/a>\n\t\t\t<\/p>\n\t\t<\/td>\n\t<\/tr>\n\t<tr>\n\t\t<td colspan='10'>\n\t\t\t<p class=\"thead1\"><input class=\"wpcf7-form-control wpcf7-submit has-spinner\" type=\"submit\" value=\"Enregistrer\" \/>\n\t\t\t<\/p>\n\t\t<\/td>\n\t<\/tr>\n<\/table><div class=\"wpcf7-response-output\" aria-hidden=\"true\"><\/div>\n<\/form>\n<\/div>\n\n","protected":false},"excerpt":{"rendered":"<p>Inscription aux march\u00e9s forains d&rsquo;Amb\u00e9rieu-en-Bugey<\/p>\n","protected":false},"author":1,"featured_media":0,"parent":0,"menu_order":0,"comment_status":"closed","ping_status":"closed","template":"","meta":{"footnotes":""},"class_list":["post-9","page","type-page","status-publish","hentry"],"_links":{"self":[{"href":"https:\/\/forains.mairie-amberieuenbugey.fr\/index.php\/wp-json\/wp\/v2\/pages\/9","targetHints":{"allow":["GET"]}}],"collection":[{"href":"https:\/\/forains.mairie-amberieuenbugey.fr\/index.php\/wp-json\/wp\/v2\/pages"}],"about":[{"href":"https:\/\/forains.mairie-amberieuenbugey.fr\/index.php\/wp-json\/wp\/v2\/types\/page"}],"author":[{"embeddable":true,"href":"https:\/\/forains.mairie-amberieuenbugey.fr\/index.php\/wp-json\/wp\/v2\/users\/1"}],"replies":[{"embeddable":true,"href":"https:\/\/forains.mairie-amberieuenbugey.fr\/index.php\/wp-json\/wp\/v2\/comments?post=9"}],"version-history":[{"count":2,"href":"https:\/\/forains.mairie-amberieuenbugey.fr\/index.php\/wp-json\/wp\/v2\/pages\/9\/revisions"}],"predecessor-version":[{"id":398,"href":"https:\/\/forains.mairie-amberieuenbugey.fr\/index.php\/wp-json\/wp\/v2\/pages\/9\/revisions\/398"}],"wp:attachment":[{"href":"https:\/\/forains.mairie-amberieuenbugey.fr\/index.php\/wp-json\/wp\/v2\/media?parent=9"}],"curies":[{"name":"wp","href":"https:\/\/api.w.org\/{rel}","templated":true}]}}